{"id":1040,"date":"2019-09-03T00:36:25","date_gmt":"2019-09-02T23:36:25","guid":{"rendered":"http:\/\/angers-kendo-iaido.fr\/?page_id=1040"},"modified":"2025-08-13T10:19:47","modified_gmt":"2025-08-13T09:19:47","slug":"informations-pratiques","status":"publish","type":"page","link":"https:\/\/angers-kendo-iaido.fr\/index.php\/informations-pratiques\/","title":{"rendered":"Informations pratiques"},"content":{"rendered":"\n<p> Il est possible d\u2019effectuer un cours d\u2019essai. Pour cela munissez-vous : <\/p>\n\n\n\n<ul class=\"wp-block-list\">\n<li>d\u2019un<strong> jogging<\/strong> et <strong>t-shirt<\/strong> ou d&rsquo;une <strong>tenue d\u2019arts martiaux<\/strong>,<\/li>\n\n\n\n<li>d\u2019une <strong>bouteille d\u2019eau\/gourde<\/strong>,<\/li>\n\n\n\n<li>de votre mat\u00e9riel personnel si vous en avez d\u00e9j\u00e0 (shinai, bokuto) <strong>(avec votre nom \u00e9cris dessus)<\/strong>,<\/li>\n\n\n\n<li>de votre fighting spirit !<\/li>\n<\/ul>\n\n\n\n<h2 class=\"wp-block-heading\" id=\"horaires\">\/\/ Horaires<\/h2>\n\n\n\n<p><strong>Lundi&nbsp; \u2013 <a href=\"http:\/\/goo.gl\/maps\/B0EF\">GYMNASE DE BELLE-BEILLE<\/a><\/strong><br>20h00 \u2013 22h00 : Kendo (\u00e0 partir de 10 ans)<\/p>\n\n\n\n<p><strong>Mardi<\/strong> \u2013 <strong><a href=\"https:\/\/maps.app.goo.gl\/Y1t4weUeL5WGBqGE8\">GYMNASE G\u00c9RARD PHILIPE<\/a><\/strong><br>18h15 \u2013 20h15 : Iaido &#8211; Cours<\/p>\n\n\n\n<p><strong>Mercredi \u2013 <a href=\"https:\/\/goo.gl\/maps\/qX5CCEkNsc3UXj3UA\">SALLE \u00c9COLE VICTOR HUGO<\/a><\/strong><br>18h30 &#8211; 19h45 : Kendo no kata<br>20h00 &#8211; 22h00 : Kendo (\u00e0 partir de 13 ans)<\/p>\n\n\n\n<p><strong>Vendredi<\/strong> \u2013 <strong><a href=\"https:\/\/maps.app.goo.gl\/Y1t4weUeL5WGBqGE8\">GYMNASE G\u00c9RARD PHILIPE<\/a><\/strong><br>19h30 \u2013 21h30 : Iaido &#8211; Cours<br>21h30 \u2013 22h30 : Iaido &#8211; Entrainement libre<\/p>\n\n\n\n<p><strong>Samedi<\/strong> \u2013 <strong><a href=\"https:\/\/maps.app.goo.gl\/Y1t4weUeL5WGBqGE8\">GYMNASE G\u00c9RARD PHILIPE<\/a><\/strong><br>10h00 \u2013 11h30 : Kendo (\u00e0 partir de 10 ans)<\/p>\n\n\n\n<p>Les horaires sont \u00e0 respecter dans la mesure du possible.&nbsp;<br>L\u2019arriv\u00e9e et l\u2019int\u00e9gration dans le cours doivent se faire avec respect et discr\u00e9tion.<\/p>\n\n\n\n<h2 class=\"wp-block-heading\" id=\"horaires\">\/\/ Salles<\/h2>\n\n\n\n<h3 class=\"wp-block-heading\">Gymnase Belle-Beille<\/h3>\n\n\n\n<p>Il se trouve juste \u00e0 c\u00f4t\u00e9 du Super-U Beaussier et poss\u00e8de un petit parking.<br>Un fois dans l&rsquo;entr\u00e9e du complexe sportif, les vestiaires sont dans le couloir de gauche et la salle que nous utilisons est \u00e0 droite de l&rsquo;entr\u00e9e.<\/p>\n\n\n\n<iframe loading=\"lazy\" src=\"https:\/\/www.google.com\/maps\/d\/u\/0\/embed?mid=1Xr2ypZyzZpnhjeXjNo3eqVDTxhF1KR8&#038;ehbc=2E312F&#038;noprof=1\" width=\"640\" height=\"480\"><\/iframe>\n\n\n\n<iframe src=\"https:\/\/www.google.com\/maps\/embed?pb=!4v1720724824083!6m8!1m7!1svDNVJgSyVvaNpGx82rN-dw!2m2!1d47.47482627067313!2d-0.5995386947889548!3f100.09548033023827!4f-8.240742612845409!5f0.7820865974627469\" width=\"600\" height=\"450\" style=\"border:0;\" allowfullscreen=\"\" loading=\"lazy\" referrerpolicy=\"no-referrer-when-downgrade\"><\/iframe>\n\n\n\n<div style=\"height:35px\" aria-hidden=\"true\" class=\"wp-block-spacer\"><\/div>\n\n\n\n<h3 class=\"wp-block-heading\">Salle Victor Hugo<\/h3>\n\n\n\n<p>La salle se trouve \u00e0 l&rsquo;int\u00e9rieur de l&rsquo;\u00e9cole Victor Hugo, tout au fond de la cour.<\/p>\n\n\n\n<iframe loading=\"lazy\" src=\"https:\/\/www.google.com\/maps\/d\/u\/0\/embed?mid=1N93jWq9QdqYbZYMvFt6RMxNgIfoIlGg&#038;ehbc=2E312F&#038;noprof=1\" width=\"640\" height=\"480\"><\/iframe>\n\n\n\n<iframe src=\"https:\/\/www.google.com\/maps\/embed?pb=!4v1720725549209!6m8!1m7!1s5Low6meKISklwf1D_Xz0Ag!2m2!1d47.47884767393448!2d-0.5363265832188421!3f181.89651396712628!4f-4.149329035451473!5f0.7820865974627469\" width=\"600\" height=\"450\" style=\"border:0;\" allowfullscreen=\"\" loading=\"lazy\" referrerpolicy=\"no-referrer-when-downgrade\"><\/iframe>\n\n\n\n<div style=\"height:35px\" aria-hidden=\"true\" class=\"wp-block-spacer\"><\/div>\n\n\n\n<h3 class=\"wp-block-heading\">Gymnase G\u00e9rard Philipe<\/h3>\n\n\n\n<p>L&rsquo;acc\u00e8s se fait par la rue du G\u00e9n\u00e9ral Liz\u00e9, au niveau du num\u00e9ro 79.<br>Il y a un portail qui est ferm\u00e9 \u00e0 clef en l&rsquo;absence de responsable, puis un parking r\u00e9serv\u00e9.<\/p>\n\n\n\n<iframe loading=\"lazy\" src=\"https:\/\/www.google.com\/maps\/d\/u\/0\/embed?mid=1kWXWim1uCDbOfnH4iPJnd9aj50MFm9A&#038;ehbc=2E312F&#038;noprof=1\" width=\"640\" height=\"480\"><\/iframe>\n\n\n\n<iframe src=\"https:\/\/www.google.com\/maps\/embed?pb=!4v1720718459740!6m8!1m7!1sdLE5Vje3O2-pWdCD1E5q9w!2m2!1d47.48942043951516!2d-0.5680736673420701!3f145.62192423696166!4f-0.36685207529848185!5f0.7820865974627469\" width=\"600\" height=\"450\" style=\"border:0;\" allowfullscreen=\"\" loading=\"lazy\" referrerpolicy=\"no-referrer-when-downgrade\"><\/iframe>\n\n\n\n<div style=\"height:49px\" aria-hidden=\"true\" class=\"wp-block-spacer\"><\/div>\n\n\n\n<h2 class=\"wp-block-heading\" id=\"horaires\">\/\/ R\u00e8glement int\u00e9rieur<\/h2>\n\n\n\n<p><a href=\"https:\/\/drive.google.com\/file\/d\/1BlzLCqxgd8RlGysjq7wri7KtFSAmTmhU\/view?usp=drive_link\" target=\"_blank\" rel=\"noreferrer noopener\">Lien vers le r\u00e8glement int\u00e9rieur de l&rsquo;association<\/a><\/p>\n","protected":false},"excerpt":{"rendered":"<p>Il est possible d\u2019effectuer un cours d\u2019essai. Pour cela munissez-vous : \/\/ Horaires Lundi&nbsp; \u2013 GYMNASE DE BELLE-BEILLE20h00 \u2013 22h00 : Kendo (\u00e0 partir de 10 ans) Mardi \u2013 GYMNASE G\u00c9RARD PHILIPE18h15 \u2013 20h15 : Iaido &#8211; Cours Mercredi \u2013 SALLE \u00c9COLE VICTOR HUGO18h30 &#8211; 19h45 : Kendo no kata20h00 &#8211; 22h00 : Kendo (\u00e0 <a class=\"more-link\" href=\"https:\/\/angers-kendo-iaido.fr\/index.php\/informations-pratiques\/\">Lire plus &#8230;<\/a><\/p>\n","protected":false},"author":2,"featured_media":0,"parent":0,"menu_order":0,"comment_status":"closed","ping_status":"closed","template":"","meta":{"footnotes":""},"class_list":["post-1040","page","type-page","status-publish","hentry"],"_links":{"self":[{"href":"https:\/\/angers-kendo-iaido.fr\/index.php\/wp-json\/wp\/v2\/pages\/1040","targetHints":{"allow":["GET"]}}],"collection":[{"href":"https:\/\/angers-kendo-iaido.fr\/index.php\/wp-json\/wp\/v2\/pages"}],"about":[{"href":"https:\/\/angers-kendo-iaido.fr\/index.php\/wp-json\/wp\/v2\/types\/page"}],"author":[{"embeddable":true,"href":"https:\/\/angers-kendo-iaido.fr\/index.php\/wp-json\/wp\/v2\/users\/2"}],"replies":[{"embeddable":true,"href":"https:\/\/angers-kendo-iaido.fr\/index.php\/wp-json\/wp\/v2\/comments?post=1040"}],"version-history":[{"count":38,"href":"https:\/\/angers-kendo-iaido.fr\/index.php\/wp-json\/wp\/v2\/pages\/1040\/revisions"}],"predecessor-version":[{"id":1762,"href":"https:\/\/angers-kendo-iaido.fr\/index.php\/wp-json\/wp\/v2\/pages\/1040\/revisions\/1762"}],"wp:attachment":[{"href":"https:\/\/angers-kendo-iaido.fr\/index.php\/wp-json\/wp\/v2\/media?parent=1040"}],"curies":[{"name":"wp","href":"https:\/\/api.w.org\/{rel}","templated":true}]}}