{"id":1609,"date":"2022-02-05T15:53:34","date_gmt":"2022-02-05T14:53:34","guid":{"rendered":"http:\/\/angers-kendo-iaido.fr\/?page_id=1609"},"modified":"2024-03-21T23:02:14","modified_gmt":"2024-03-21T22:02:14","slug":"contact","status":"publish","type":"page","link":"https:\/\/angers-kendo-iaido.fr\/index.php\/contact\/","title":{"rendered":"Contact"},"content":{"rendered":"\n<p>Que vous soyez curieux, pratiquant novice ou confirm\u00e9, ou juste de passage, n\u2019h\u00e9sitez pas \u00e0 nous contacter, nous serons ravis de vous accueillir.<\/p>\n\n\n\n<p><strong>Par e-mail<\/strong> : contact.aki49@gmail.com<\/p>\n\n\n\n<p><strong>Par T\u00e9l\u00e9phone ou SMS<\/strong> : <br><strong>&#8211; Professeur de kendo<\/strong> :\u00a006 62 46 04 72<br><strong>&#8211; Professeur de ia\u00efdo<\/strong> : 06 85 05 63 65<br><strong>&#8211; Pr\u00e9sident : <\/strong> 06 19 30 38 24<\/p>\n\n\n\n<p> <strong>R\u00e9seaux sociaux  : <br><strong>&#8211; <\/strong>Messenger<\/strong> : <a href=\"http:\/\/m.me\/kendoiaidoangers\">m.me\/kendoiaidoangers<\/a><br><strong>&#8211; Instagram<\/strong> : <a href=\"https:\/\/www.instagram.com\/angers_kendo_iaido\">instagram.com\/angers_kendo_iaido<\/a><\/p>\n\n\n\n<p><\/p>\n","protected":false},"excerpt":{"rendered":"<p>Que vous soyez curieux, pratiquant novice ou confirm\u00e9, ou juste de passage, n\u2019h\u00e9sitez pas \u00e0 nous contacter, nous serons ravis de vous accueillir. Par e-mail : contact.aki49@gmail.com Par T\u00e9l\u00e9phone ou SMS : &#8211; Professeur de kendo :\u00a006 62 46 04 72&#8211; Professeur de ia\u00efdo : 06 85 05 63 65&#8211; Pr\u00e9sident : 06 19 30 <a class=\"more-link\" href=\"https:\/\/angers-kendo-iaido.fr\/index.php\/contact\/\">Lire plus &#8230;<\/a><\/p>\n","protected":false},"author":3,"featured_media":0,"parent":0,"menu_order":0,"comment_status":"closed","ping_status":"closed","template":"","meta":{"footnotes":""},"class_list":["post-1609","page","type-page","status-publish","hentry"],"_links":{"self":[{"href":"https:\/\/angers-kendo-iaido.fr\/index.php\/wp-json\/wp\/v2\/pages\/1609","targetHints":{"allow":["GET"]}}],"collection":[{"href":"https:\/\/angers-kendo-iaido.fr\/index.php\/wp-json\/wp\/v2\/pages"}],"about":[{"href":"https:\/\/angers-kendo-iaido.fr\/index.php\/wp-json\/wp\/v2\/types\/page"}],"author":[{"embeddable":true,"href":"https:\/\/angers-kendo-iaido.fr\/index.php\/wp-json\/wp\/v2\/users\/3"}],"replies":[{"embeddable":true,"href":"https:\/\/angers-kendo-iaido.fr\/index.php\/wp-json\/wp\/v2\/comments?post=1609"}],"version-history":[{"count":4,"href":"https:\/\/angers-kendo-iaido.fr\/index.php\/wp-json\/wp\/v2\/pages\/1609\/revisions"}],"predecessor-version":[{"id":1691,"href":"https:\/\/angers-kendo-iaido.fr\/index.php\/wp-json\/wp\/v2\/pages\/1609\/revisions\/1691"}],"wp:attachment":[{"href":"https:\/\/angers-kendo-iaido.fr\/index.php\/wp-json\/wp\/v2\/media?parent=1609"}],"curies":[{"name":"wp","href":"https:\/\/api.w.org\/{rel}","templated":true}]}}