{"id":1760,"date":"2025-08-22T15:16:40","date_gmt":"2025-08-22T14:16:40","guid":{"rendered":"https:\/\/angers-kendo-iaido.fr\/?page_id=1760"},"modified":"2025-12-11T20:59:40","modified_gmt":"2025-12-11T19:59:40","slug":"saison-2025-2026","status":"publish","type":"page","link":"https:\/\/angers-kendo-iaido.fr\/index.php\/saison-2025-2026\/","title":{"rendered":"Saison 2025-2026"},"content":{"rendered":"<div class=\"wp-block-image\">\n<figure class=\"aligncenter size-large\"><img loading=\"lazy\" decoding=\"async\" width=\"1024\" height=\"350\" src=\"https:\/\/angers-kendo-iaido.fr\/wp-content\/uploads\/2025\/08\/angers_kendo_iaido_-inscription-scaled-1-1024x350.jpg\" alt=\"\" class=\"wp-image-1790\" srcset=\"https:\/\/angers-kendo-iaido.fr\/wp-content\/uploads\/2025\/08\/angers_kendo_iaido_-inscription-scaled-1-1024x350.jpg 1024w, https:\/\/angers-kendo-iaido.fr\/wp-content\/uploads\/2025\/08\/angers_kendo_iaido_-inscription-scaled-1-300x103.jpg 300w, https:\/\/angers-kendo-iaido.fr\/wp-content\/uploads\/2025\/08\/angers_kendo_iaido_-inscription-scaled-1-768x263.jpg 768w, https:\/\/angers-kendo-iaido.fr\/wp-content\/uploads\/2025\/08\/angers_kendo_iaido_-inscription-scaled-1-1536x525.jpg 1536w, https:\/\/angers-kendo-iaido.fr\/wp-content\/uploads\/2025\/08\/angers_kendo_iaido_-inscription-scaled-1-2048x700.jpg 2048w\" sizes=\"auto, (max-width: 1024px) 100vw, 1024px\" \/><\/figure>\n<\/div>\n\n\n<p class=\"has-text-align-center\"><strong>L&rsquo;heure de la reprise a sonn\u00e9e ! Toute l&rsquo;\u00e9quipe du club d&rsquo;Angers Kendo Iaido vous accueillera \u00e0 partir du lundi 1er septembre pour une s\u00e9ance d&rsquo;initiation et d&rsquo;\u00e9changes pour vous faire d\u00e9couvrir l&rsquo;escrime japonaise et notre passion<\/strong>.<\/p>\n\n\n\n<p class=\"has-text-align-center\"><strong>Les lieux et horaires des cours sont disponibles dans les <a href=\"https:\/\/angers-kendo-iaido.fr\/index.php\/informations-pratiques\/\" data-type=\"page\" data-id=\"1040\">Informations pratiques<\/a>.<\/strong><\/p>\n\n\n\n<hr class=\"wp-block-separator has-css-opacity\"\/>\n\n\n\n<p>Inscriptions possibles toute la saison, n&rsquo;h\u00e9sitez pas \u00e0 nous contacter si vous avez des questions.<\/p>\n\n\n<div class=\"wp-block-tableberg-wrapper wp-block-tableberg-table\" >\n\t\t\t<div class=\"tableberg-table-wrapper\" style=\"\">\n\t\t\t\t<table class = \"has-inner-border\" style=\"border-spacing: 0 0; --tableberg-inner-border-top: none; --tableberg-inner-border-right: 1px solid #000000; --tableberg-inner-border-bottom: 1px solid #000000; --tableberg-inner-border-left: none; --tableberg-inner-border-top-first: 1px solid #000000; --tableberg-inner-border-left-first: 1px solid #000000; \" data-tableberg-header=\"converted\" data-tableberg-footer=\"\"  ><colgroup><col style=\"\"\/><col style=\"\"\/><col style=\"\"\/><\/colgroup><tbody><tr class=\"tableberg-header\" style=\"\">\n<th data-tableberg-row=\"0\" data-tableberg-col=\"0\" style=\"\" class=\"wp-block-tableberg-cell tableberg-v-align-center\"><div class=\"tableberg-cell-inner\" style=\"display: block; justify-content: center; flex-wrap: wrap; \">\n<p style=\"font-size:18px\"><strong>COTISATIONS (licence comprise)<\/strong><\/p>\n<\/div><\/th>\n\n<th data-tableberg-row=\"0\" data-tableberg-col=\"1\" style=\"\" class=\"wp-block-tableberg-cell tableberg-v-align-center\"><div class=\"tableberg-cell-inner\" style=\"display: block; justify-content: center; flex-wrap: wrap; \">\n<p class=\"has-text-align-center\"><strong>1 discipline<\/strong><\/p>\n<\/div><\/th>\n\n<th data-tableberg-row=\"0\" data-tableberg-col=\"2\" style=\"\" class=\"wp-block-tableberg-cell tableberg-v-align-center\"><div class=\"tableberg-cell-inner\" style=\"display: block; justify-content: center; flex-wrap: wrap; \">\n<p class=\"has-text-align-center\"><strong>2 disciplines<\/strong><\/p>\n<\/div><\/th>\n<\/tr><tr class=\"tableberg-odd-row\" style=\"\">\n<td data-tableberg-row=\"1\" data-tableberg-col=\"0\" style=\"\" class=\"wp-block-tableberg-cell tableberg-v-align-center\"><div class=\"tableberg-cell-inner\" style=\"display: block; justify-content: center; flex-wrap: wrap; \">\n<p><strong>Plein tarif<\/strong><\/p>\n<\/div><\/td>\n\n<td data-tableberg-row=\"1\" data-tableberg-col=\"1\" style=\"\" class=\"wp-block-tableberg-cell tableberg-v-align-center\"><div class=\"tableberg-cell-inner\" style=\"display: block; justify-content: center; flex-wrap: wrap; \">\n<p class=\"has-text-align-center\">205 \u20ac<\/p>\n<\/div><\/td>\n\n<td data-tableberg-row=\"1\" data-tableberg-col=\"2\" style=\"\" class=\"wp-block-tableberg-cell tableberg-v-align-center\"><div class=\"tableberg-cell-inner\" style=\"display: block; justify-content: center; flex-wrap: wrap; \">\n<p class=\"has-text-align-center\">340 \u20ac (KI)<\/p>\n<\/div><\/td>\n<\/tr><tr class=\"tableberg-even-row\" style=\"\">\n<td data-tableberg-row=\"2\" data-tableberg-col=\"0\" style=\"\" class=\"wp-block-tableberg-cell tableberg-v-align-center\"><div class=\"tableberg-cell-inner\" style=\"display: block; justify-content: center; flex-wrap: wrap; \">\n<p><strong>Mineurs, \u00e9tudiants et ch\u00f4meurs<\/strong><\/p>\n<\/div><\/td>\n\n<td data-tableberg-row=\"2\" data-tableberg-col=\"1\" style=\"\" class=\"wp-block-tableberg-cell tableberg-v-align-center\"><div class=\"tableberg-cell-inner\" style=\"display: block; justify-content: center; flex-wrap: wrap; \">\n<p class=\"has-text-align-center\">181 \u20ac (REDUIT)<\/p>\n<\/div><\/td>\n\n<td data-tableberg-row=\"2\" data-tableberg-col=\"2\" style=\"\" class=\"wp-block-tableberg-cell tableberg-v-align-center\"><div class=\"tableberg-cell-inner\" style=\"display: block; justify-content: center; flex-wrap: wrap; \">\n<p class=\"has-text-align-center\">316 \u20ac (KIREDUIT)<\/p>\n<\/div><\/td>\n<\/tr><tr class=\"tableberg-odd-row\" style=\"\">\n<td data-tableberg-row=\"3\" data-tableberg-col=\"0\" style=\"\" class=\"wp-block-tableberg-cell tableberg-v-align-center\"><div class=\"tableberg-cell-inner\" style=\"display: block; justify-content: center; flex-wrap: wrap; \">\n<p><strong>Pass&rsquo;Sport<\/strong><\/p>\n<\/div><\/td>\n\n<td data-tableberg-row=\"3\" data-tableberg-col=\"1\" style=\"\" class=\"wp-block-tableberg-cell tableberg-v-align-center\"><div class=\"tableberg-cell-inner\" style=\"display: block; justify-content: center; flex-wrap: wrap; \">\n<p class=\"has-text-align-center\">111 \u20ac (PSPORT)<\/p>\n<\/div><\/td>\n\n<td data-tableberg-row=\"3\" data-tableberg-col=\"2\" style=\"\" class=\"wp-block-tableberg-cell tableberg-v-align-center\"><div class=\"tableberg-cell-inner\" style=\"display: block; justify-content: center; flex-wrap: wrap; \">\n<p class=\"has-text-align-center\">246 \u20ac (KISPORT)<\/p>\n<\/div><\/td>\n<\/tr><tr class=\"tableberg-even-row\" style=\"\">\n<td data-tableberg-row=\"4\" data-tableberg-col=\"0\" style=\"\" class=\"wp-block-tableberg-cell tableberg-v-align-center\"><div class=\"tableberg-cell-inner\" style=\"display: block; justify-content: center; flex-wrap: wrap; \">\n<p><strong>Tout membre d&rsquo;une famille apr\u00e8s le 1er<\/strong><\/p>\n<\/div><\/td>\n\n<td data-tableberg-row=\"4\" data-tableberg-col=\"1\" style=\"\" class=\"wp-block-tableberg-cell tableberg-v-align-center\"><div class=\"tableberg-cell-inner\" style=\"display: block; justify-content: center; flex-wrap: wrap; \">\n<p class=\"has-text-align-center\">135 \u20ac (FAMILLE)<\/p>\n<\/div><\/td>\n\n<td data-tableberg-row=\"4\" data-tableberg-col=\"2\" style=\"\" class=\"wp-block-tableberg-cell tableberg-v-align-center\"><div class=\"tableberg-cell-inner\" style=\"display: block; justify-content: center; flex-wrap: wrap; \">\n<p class=\"has-text-align-center\">&#8211;<\/p>\n<\/div><\/td>\n<\/tr><\/tbody><\/table>\n\t\t\t<\/div>\n\t\t<\/div>\n\n\n<p class=\"has-extra-small-font-size\"><em>Les parenth\u00e8ses contiennent les codes promo (non <em>cumulables<\/em><\/em>)<em> \u00e0 ajouter lors du R\u00e9capitulatif HelloAsso.<\/em><\/p>\n\n\n\n<hr class=\"wp-block-separator has-alpha-channel-opacity\"\/>\n\n\n\n<p><strong><span style=\"text-decoration: underline;\">Certificat m\u00e9dical ?<\/span><\/strong><\/p>\n\n\n\n<p>Selon votre \u00e2ge vous aurez besoin d&rsquo;un certificat m\u00e9dical ou de r\u00e9pondre \u00e0 un questionnaire de la f\u00e9d\u00e9ration (ce questionnaire est disponible lors de la prise de licence et est personnel et ne doit pas nous \u00eatre communiqu\u00e9).<\/p>\n\n\n\n<p>Voici le tableau pour savoir si vous de r\u00e9pondre au questionnaire ou obtenir un certificat m\u00e9dical : <\/p>\n\n\n<div class=\"wp-block-tableberg-wrapper wp-block-tableberg-table\" >\n\t\t\t<div class=\"tableberg-table-wrapper\" style=\"\">\n\t\t\t\t<table class = \"has-inner-border\" style=\"border-spacing: 0 0; --tableberg-inner-border-top: none; --tableberg-inner-border-right: 1px solid #000000; --tableberg-inner-border-bottom: 1px solid #000000; --tableberg-inner-border-left: none; --tableberg-inner-border-top-first: 1px solid #000000; --tableberg-inner-border-left-first: 1px solid #000000; \" data-tableberg-header=\"\" data-tableberg-footer=\"\"  ><colgroup><col style=\"\"\/><col style=\"\"\/><col style=\"\"\/><\/colgroup><tbody><tr class=\"tableberg-odd-row\" style=\"\">\n<td data-tableberg-row=\"0\" data-tableberg-col=\"0\" style=\"\" class=\"wp-block-tableberg-cell tableberg-v-align-center\"><div class=\"tableberg-cell-inner\" style=\"display: block; justify-content: center; flex-wrap: wrap; \">\n<p class=\"has-text-align-left\"><strong><span style=\"text-decoration: underline;\">J&rsquo;aurai au 31\/08\/2026<\/span><\/strong><\/p>\n<\/div><\/td>\n\n<td data-tableberg-row=\"0\" data-tableberg-col=\"1\" style=\"\" class=\"wp-block-tableberg-cell tableberg-v-align-center\"><div class=\"tableberg-cell-inner\" style=\"display: block; justify-content: center; flex-wrap: wrap; \">\n<p class=\"has-text-align-center\"><strong>Je n&rsquo;ai jamais fourni de certificat m\u00e9dical \u00e0 la FFJudo<\/strong><\/p>\n<\/div><\/td>\n\n<td data-tableberg-row=\"0\" data-tableberg-col=\"2\" style=\"\" class=\"wp-block-tableberg-cell tableberg-v-align-center\"><div class=\"tableberg-cell-inner\" style=\"display: block; justify-content: center; flex-wrap: wrap; \">\n<p class=\"has-text-align-center\"><strong>J&rsquo;ai d\u00e9j\u00e0 fourni un certificat m\u00e9dical \u00e0 la FFJudo<\/strong><\/p>\n<\/div><\/td>\n<\/tr><tr class=\"tableberg-even-row\" style=\"\">\n<td data-tableberg-row=\"1\" data-tableberg-col=\"0\" style=\"\" class=\"wp-block-tableberg-cell tableberg-v-align-center\"><div class=\"tableberg-cell-inner\" style=\"display: block; justify-content: center; flex-wrap: wrap; \">\n<p><strong>Moins de 18 ans<\/strong><\/p>\n<\/div><\/td>\n\n<td data-tableberg-row=\"1\" data-tableberg-col=\"1\" style=\"\" class=\"wp-block-tableberg-cell tableberg-v-align-center\"><div class=\"tableberg-cell-inner\" style=\"display: block; justify-content: center; flex-wrap: wrap; \">\n<p class=\"has-text-align-center\">Questionnaire<\/p>\n<\/div><\/td>\n\n<td data-tableberg-row=\"1\" data-tableberg-col=\"2\" style=\"\" class=\"wp-block-tableberg-cell tableberg-v-align-center\"><div class=\"tableberg-cell-inner\" style=\"display: block; justify-content: center; flex-wrap: wrap; \">\n<p class=\"has-text-align-center\">Questionnaire<\/p>\n<\/div><\/td>\n<\/tr><tr class=\"tableberg-odd-row\" style=\"\">\n<td data-tableberg-row=\"2\" data-tableberg-col=\"0\" style=\"\" class=\"wp-block-tableberg-cell tableberg-v-align-center\"><div class=\"tableberg-cell-inner\" style=\"display: block; justify-content: center; flex-wrap: wrap; \">\n<p><strong>Plus de 18 et moins de 30 ans<\/strong><\/p>\n<\/div><\/td>\n\n<td data-tableberg-row=\"2\" data-tableberg-col=\"1\" style=\"\" class=\"wp-block-tableberg-cell tableberg-v-align-center\"><div class=\"tableberg-cell-inner\" style=\"display: block; justify-content: center; flex-wrap: wrap; \">\n<p class=\"has-text-align-center\">Certificat m\u00e9dical<\/p>\n<\/div><\/td>\n\n<td data-tableberg-row=\"2\" data-tableberg-col=\"2\" style=\"\" class=\"wp-block-tableberg-cell tableberg-v-align-center\"><div class=\"tableberg-cell-inner\" style=\"display: block; justify-content: center; flex-wrap: wrap; \">\n<p class=\"has-text-align-center\">Questionnaire<\/p>\n<\/div><\/td>\n<\/tr><tr class=\"tableberg-even-row\" style=\"\">\n<td data-tableberg-row=\"3\" data-tableberg-col=\"0\" style=\"\" class=\"wp-block-tableberg-cell tableberg-v-align-center\"><div class=\"tableberg-cell-inner\" style=\"display: block; justify-content: center; flex-wrap: wrap; \">\n<p><strong>Plus de 30 ans<\/strong><\/p>\n\n\n\n<p>et mon \u00e2ge se termine par un z\u00e9ro ou un cinq (30, 35, 40, 45&#8230;) <\/p>\n<\/div><\/td>\n\n<td data-tableberg-row=\"3\" data-tableberg-col=\"1\" style=\"\" class=\"wp-block-tableberg-cell tableberg-v-align-center\"><div class=\"tableberg-cell-inner\" style=\"display: block; justify-content: center; flex-wrap: wrap; \">\n<p class=\"has-text-align-center\">Certificat m\u00e9dical<\/p>\n<\/div><\/td>\n\n<td data-tableberg-row=\"3\" data-tableberg-col=\"2\" style=\"\" class=\"wp-block-tableberg-cell tableberg-v-align-center\"><div class=\"tableberg-cell-inner\" style=\"display: block; justify-content: center; flex-wrap: wrap; \">\n<p class=\"has-text-align-center\">Certificat m\u00e9dical<\/p>\n<\/div><\/td>\n<\/tr><tr class=\"tableberg-odd-row\" style=\"\">\n<td data-tableberg-row=\"4\" data-tableberg-col=\"0\" style=\"\" class=\"wp-block-tableberg-cell tableberg-v-align-center\"><div class=\"tableberg-cell-inner\" style=\"display: block; justify-content: center; flex-wrap: wrap; \">\n<p><strong>Plus de 30 ans<\/strong><\/p>\n\n\n\n<p>et mon \u00e2ge <strong>NE <\/strong>se termine <strong>PAS<\/strong> par un z\u00e9ro ou un cinq (30, 35, 40, 45&#8230;)<\/p>\n<\/div><\/td>\n\n<td data-tableberg-row=\"4\" data-tableberg-col=\"1\" style=\"\" class=\"wp-block-tableberg-cell tableberg-v-align-center\"><div class=\"tableberg-cell-inner\" style=\"display: block; justify-content: center; flex-wrap: wrap; \">\n<p class=\"has-text-align-center\">Certificat m\u00e9dical<\/p>\n<\/div><\/td>\n\n<td data-tableberg-row=\"4\" data-tableberg-col=\"2\" style=\"\" class=\"wp-block-tableberg-cell tableberg-v-align-center\"><div class=\"tableberg-cell-inner\" style=\"display: block; justify-content: center; flex-wrap: wrap; \">\n<p class=\"has-text-align-center\">Questionnaire<\/p>\n<\/div><\/td>\n<\/tr><\/tbody><\/table>\n\t\t\t<\/div>\n\t\t<\/div>\n\n\n<hr class=\"wp-block-separator has-alpha-channel-opacity\"\/>\n\n\n\n<p><span style=\"text-decoration: underline;\"><strong>L&rsquo;inscription se fait en deux \u00e9tapes : <\/strong><\/span><\/p>\n\n\n\n<ol class=\"wp-block-list\">\n<li>Prise de licence sur le site de la f\u00e9d\u00e9ration : <a href=\"https:\/\/moncompte.ffjudo.com\/\" target=\"_blank\" rel=\"noreferrer noopener\">https:\/\/moncompte.ffjudo.com\/<\/a>\n<ul class=\"wp-block-list\">\n<li>Vous devez prendre l&rsquo;assurance propos\u00e9e avec la licence pour acc\u00e9der aux cours.<\/li>\n<\/ul>\n<\/li>\n\n\n\n<li>Paiement de la cotisation via HelloAsso : <a href=\"https:\/\/www.helloasso.com\/associations\/angers-kendo-iaido\/adhesions\/inscription-aki-2025-2026-a-partir-de-novembre\" target=\"_blank\" rel=\"noreferrer noopener\">https:\/\/www.helloasso.com\/associations\/angers-kendo-iaido\/adhesions\/inscription-aki-2025-2026<\/a><\/li>\n<\/ol>\n\n\n\n<hr class=\"wp-block-separator has-alpha-channel-opacity\"\/>\n\n\n\n<p>Pour toute information sur les cours, l&rsquo;inscription ou autre ; n\u2019h\u00e9sitez pas \u00e0 nous contacter par l&rsquo;un des moyens indiqu\u00e9s sur la page de <a href=\"https:\/\/angers-kendo-iaido.fr\/index.php\/contact\/\" data-type=\"page\" data-id=\"1609\">Contact<\/a>.<\/p>\n\n\n\n<p>L\u2019\u00c9quipe Angers Kendo Iaido<\/p>\n\n\n\n<p><\/p>\n","protected":false},"excerpt":{"rendered":"<p>L&rsquo;heure de la reprise a sonn\u00e9e ! Toute l&rsquo;\u00e9quipe du club d&rsquo;Angers Kendo Iaido vous accueillera \u00e0 partir du lundi 1er septembre pour une s\u00e9ance d&rsquo;initiation et d&rsquo;\u00e9changes pour vous faire d\u00e9couvrir l&rsquo;escrime japonaise et notre passion. Les lieux et horaires des cours sont disponibles dans les Informations pratiques. Inscriptions possibles toute la saison, n&rsquo;h\u00e9sitez <a class=\"more-link\" href=\"https:\/\/angers-kendo-iaido.fr\/index.php\/saison-2025-2026\/\">Lire plus &#8230;<\/a><\/p>\n","protected":false},"author":3,"featured_media":0,"parent":0,"menu_order":0,"comment_status":"closed","ping_status":"closed","template":"","meta":{"footnotes":""},"class_list":["post-1760","page","type-page","status-publish","hentry"],"_links":{"self":[{"href":"https:\/\/angers-kendo-iaido.fr\/index.php\/wp-json\/wp\/v2\/pages\/1760","targetHints":{"allow":["GET"]}}],"collection":[{"href":"https:\/\/angers-kendo-iaido.fr\/index.php\/wp-json\/wp\/v2\/pages"}],"about":[{"href":"https:\/\/angers-kendo-iaido.fr\/index.php\/wp-json\/wp\/v2\/types\/page"}],"author":[{"embeddable":true,"href":"https:\/\/angers-kendo-iaido.fr\/index.php\/wp-json\/wp\/v2\/users\/3"}],"replies":[{"embeddable":true,"href":"https:\/\/angers-kendo-iaido.fr\/index.php\/wp-json\/wp\/v2\/comments?post=1760"}],"version-history":[{"count":26,"href":"https:\/\/angers-kendo-iaido.fr\/index.php\/wp-json\/wp\/v2\/pages\/1760\/revisions"}],"predecessor-version":[{"id":1803,"href":"https:\/\/angers-kendo-iaido.fr\/index.php\/wp-json\/wp\/v2\/pages\/1760\/revisions\/1803"}],"wp:attachment":[{"href":"https:\/\/angers-kendo-iaido.fr\/index.php\/wp-json\/wp\/v2\/media?parent=1760"}],"curies":[{"name":"wp","href":"https:\/\/api.w.org\/{rel}","templated":true}]}}