{"id":180,"date":"2016-09-28T11:48:40","date_gmt":"2016-09-28T10:48:40","guid":{"rendered":"http:\/\/angers-kendo-iaido.fr\/?page_id=180"},"modified":"2025-07-16T15:25:50","modified_gmt":"2025-07-16T14:25:50","slug":"la-vie-du-club","status":"publish","type":"page","link":"https:\/\/angers-kendo-iaido.fr\/","title":{"rendered":"\u00c0 propos du dojo Angers Kendo Iaido"},"content":{"rendered":"\n<div class=\"wp-block-media-text alignwide\" style=\"grid-template-columns:41% auto\"><figure class=\"wp-block-media-text__media\"><img loading=\"lazy\" decoding=\"async\" width=\"1014\" height=\"1024\" src=\"https:\/\/angers-kendo-iaido.fr\/wp-content\/uploads\/2019\/07\/logo-noir-et-blanc-01-1014x1024.jpg\" alt=\"\" class=\"wp-image-1024 size-full\" srcset=\"https:\/\/angers-kendo-iaido.fr\/wp-content\/uploads\/2019\/07\/logo-noir-et-blanc-01-1014x1024.jpg 1014w, https:\/\/angers-kendo-iaido.fr\/wp-content\/uploads\/2019\/07\/logo-noir-et-blanc-01-150x150.jpg 150w, https:\/\/angers-kendo-iaido.fr\/wp-content\/uploads\/2019\/07\/logo-noir-et-blanc-01-297x300.jpg 297w, https:\/\/angers-kendo-iaido.fr\/wp-content\/uploads\/2019\/07\/logo-noir-et-blanc-01-768x775.jpg 768w, https:\/\/angers-kendo-iaido.fr\/wp-content\/uploads\/2019\/07\/logo-noir-et-blanc-01.jpg 1127w\" sizes=\"auto, (max-width: 1014px) 100vw, 1014px\" \/><\/figure><div class=\"wp-block-media-text__content\">\n<p class=\"has-text-align-left\"><strong>Angers Kendo Iaido<\/strong> est une association fond\u00e9e en 2012 par un groupe de personnes passionn\u00e9es par la <strong>culture japonaise<\/strong> et la pratique des<strong> arts martiaux<\/strong>. Au sein du club, nous pratiquons le <strong>Kendo<\/strong> et le <strong>Iaido<\/strong> dans une ambiance studieuse et conviviale. Angers Kendo Iaido est <strong>l\u2019unique club de Kendo et Iaido<\/strong> actif sur <strong>Angers (49)<\/strong>. <\/p>\n<\/div><\/div>\n\n\n\n<!--more-->\n\n\n\n<hr class=\"wp-block-separator has-css-opacity\"\/>\n\n\n\n<h2 class=\"wp-block-heading\">\/\/ Membres du bureau<\/h2>\n\n\n\n<p>Les membres du bureau pour la saison 2025-2026<\/p>\n\n\n\n<p><strong>Pr\u00e9sident<\/strong> : Eric Morizet<br><strong>Vice-pr\u00e9sidente<\/strong> : Morgane Bertho<br><strong>Tr\u00e9sori\u00e8re et tr\u00e9sorier adjoint<\/strong> : Amandine Amailland et J\u00e9r\u00f4me Terraillon<br><strong>Secr\u00e9taire<\/strong> : Diane Lambert<br><br><strong>Directeurs technique Kendo<\/strong> : Daniel Charlemaine<br><strong>Directeur technique Iaido<\/strong> : Galaad Chastrusse<\/p>\n\n\n\n<hr class=\"wp-block-separator has-css-opacity\"\/>\n\n\n\n<h2 class=\"wp-block-heading\">\/\/ Enseignants<\/h2>\n\n\n\n<ul class=\"wp-block-list\">\n<li>Les entra\u00eenements de Kendo sont assur\u00e9s par<\/li>\n<\/ul>\n\n\n\n<p><strong>Daniel Charlemaine<\/strong> : 6\u00e8me dan<br><strong>Rudy Toffaletti<\/strong> : 3\u00e8me dan<br><strong>J\u00e9r\u00f4me Terraillon<\/strong> : 2\u00e8me dan<\/p>\n\n\n\n<ul class=\"wp-block-list\">\n<li>Les entra\u00eenements de Iaido sont assur\u00e9s par<\/li>\n<\/ul>\n\n\n\n<p><strong>Galaad Chastrusse<\/strong> : 5\u00e8me dan<br><strong>Camille S\u00e9n\u00e9chal<\/strong> : 3\u00e8me dan<br><strong>Amandine Amailland<\/strong> : 2\u00e8me dan<\/p>\n\n\n\n<hr class=\"wp-block-separator has-css-opacity\"\/>\n\n\n\n<h2 class=\"wp-block-heading\">\/\/ Le Dojo, qu\u2019est-ce-que c\u2019est\u202f?&nbsp;&nbsp;<\/h2>\n\n\n\n<p>C\u2019est le lieu o\u00f9 l\u2019on \u00e9tudie la pratique <strong>des arts martiaux<\/strong>.&nbsp;&nbsp;<br>Vous \u00eates ici sur <strong>le site Angers Kendo Iaido<\/strong>, o\u00f9 nous pratiquons les disciplines en rapport avec le <strong>sabre<\/strong>.&nbsp;<br>Nous vous invitons \u00e0 parcourir les diff\u00e9rentes rubriques du site. Que vous soyez curieux, ou que vous souhaitez vous renseignez, ou venir pratiquer avec nous le temps d\u2019une<strong> s\u00e9ance d\u2019essai <\/strong>si vous \u00eates de passage sur <strong>Angers<\/strong>.<br>&nbsp;<br><br><\/p>\n\n\n\n<div class=\"wp-block-media-text alignwide\" style=\"grid-template-columns:44% auto\"><figure class=\"wp-block-media-text__media\"><img loading=\"lazy\" decoding=\"async\" width=\"1024\" height=\"680\" src=\"https:\/\/angers-kendo-iaido.fr\/wp-content\/uploads\/2020\/08\/DSC_0589retLTR-2-1024x680.jpg\" alt=\"\" class=\"wp-image-1129 size-full\" srcset=\"https:\/\/angers-kendo-iaido.fr\/wp-content\/uploads\/2020\/08\/DSC_0589retLTR-2-1024x680.jpg 1024w, https:\/\/angers-kendo-iaido.fr\/wp-content\/uploads\/2020\/08\/DSC_0589retLTR-2-300x199.jpg 300w, https:\/\/angers-kendo-iaido.fr\/wp-content\/uploads\/2020\/08\/DSC_0589retLTR-2-768x510.jpg 768w, https:\/\/angers-kendo-iaido.fr\/wp-content\/uploads\/2020\/08\/DSC_0589retLTR-2.jpg 2048w\" sizes=\"auto, (max-width: 1024px) 100vw, 1024px\" \/><\/figure><div class=\"wp-block-media-text__content\">\n<p> Dans notre Dojo nous enseignons <strong>la voie du Sabre<\/strong>, il s\u2019agit du<strong> <a href=\"https:\/\/angers-kendo-iaido.fr\/index.php\/kendo-2\/\" data-type=\"page\" data-id=\"242\">Kendo<\/a><\/strong>. <br><br>Cette discipline, est un forme d\u2019<strong>escrime Japonaise<\/strong> \u00e0 deux mains est issue du temps des <strong>samourai<\/strong>. <br><br>Cette pratique permet de s\u2019affronter dans des combats avec de r\u00e9els assauts avec un <strong>\u00e9quipement adapt\u00e9<\/strong>\u202f: armure et sabre en bambou, rendant l\u2019apprentissage ludique et sans danger. <\/p>\n<\/div><\/div>\n\n\n\n<hr class=\"wp-block-separator has-css-opacity\"\/>\n\n\n\n<div class=\"wp-block-media-text alignwide has-media-on-the-right\"><div class=\"wp-block-media-text__content\">\n<p> L\u2019autre voie est celle de la <strong>coordination<\/strong> entre l\u2019<strong>harmonie <\/strong>de la forme et cette de la<strong> pr\u00e9cision du geste<\/strong>. <br><br>C\u2019est le <strong><a href=\"https:\/\/angers-kendo-iaido.fr\/index.php\/iaido\/\">Iaido<\/a><\/strong>. A l\u2019aide d\u2019un sabre d\u2019entrainement (mat\u00e9riel non aff\u00fbt\u00e9 ou sabre en bois), nous permet de reproduire les gestes de combats aboutis par  plusieurs si\u00e8cles de perfectionnement. <\/p>\n<\/div><figure class=\"wp-block-media-text__media\"><img loading=\"lazy\" decoding=\"async\" width=\"1024\" height=\"716\" src=\"https:\/\/angers-kendo-iaido.fr\/wp-content\/uploads\/2020\/08\/24-1024x716.jpg\" alt=\"\" class=\"wp-image-1136 size-full\" srcset=\"https:\/\/angers-kendo-iaido.fr\/wp-content\/uploads\/2020\/08\/24-1024x716.jpg 1024w, https:\/\/angers-kendo-iaido.fr\/wp-content\/uploads\/2020\/08\/24-300x210.jpg 300w, https:\/\/angers-kendo-iaido.fr\/wp-content\/uploads\/2020\/08\/24-768x537.jpg 768w\" sizes=\"auto, (max-width: 1024px) 100vw, 1024px\" \/><\/figure><\/div>\n\n\n\n<hr class=\"wp-block-separator has-css-opacity\"\/>\n\n\n\n<hr class=\"wp-block-separator has-css-opacity\"\/>\n\n\n\n<p>Ces <strong>deux disciplines fonctionnent ensemble<\/strong> pour donner au pratiquant des notions de confrontation r\u00e9elle \u00e0 l\u2019autre, avec une approche de ce qu\u2019est un katana.&nbsp;A travers la pratique des <strong>arts martiaux<\/strong>, ce n\u2019est pas seulement une technique martiale. C\u2019est un art qui permet au pratiquant de se r\u00e9v\u00e9ler.<\/p>\n\n\n\n<hr class=\"wp-block-separator has-css-opacity\"\/>\n\n\n\n<h2 class=\"wp-block-heading\">\/\/ L&rsquo;association<\/h2>\n\n\n\n<p><strong>Angers Kendo Iaido est une association loi 1901<\/strong> dont le but est l\u2019enseignement et la pratique des arts martiaux. Elle est d\u00e9clar\u00e9e \u00e0 Angers.<\/p>\n\n\n\n<div class=\"wp-block-columns has-2-columns is-layout-flex wp-container-core-columns-is-layout-9d6595d7 wp-block-columns-is-layout-flex\">\n<div class=\"wp-block-column is-layout-flow wp-block-column-is-layout-flow\">\n<figure class=\"wp-block-image is-resized\"><img loading=\"lazy\" decoding=\"async\" width=\"788\" height=\"1024\" src=\"https:\/\/angers-kendo-iaido.fr\/wp-content\/uploads\/2020\/08\/1200px-Logo_Angers.svg_-1-788x1024.png\" alt=\"\" class=\"wp-image-1172\" style=\"width:163px;height:212px\" srcset=\"https:\/\/angers-kendo-iaido.fr\/wp-content\/uploads\/2020\/08\/1200px-Logo_Angers.svg_-1-788x1024.png 788w, https:\/\/angers-kendo-iaido.fr\/wp-content\/uploads\/2020\/08\/1200px-Logo_Angers.svg_-1-231x300.png 231w, https:\/\/angers-kendo-iaido.fr\/wp-content\/uploads\/2020\/08\/1200px-Logo_Angers.svg_-1-768x998.png 768w, https:\/\/angers-kendo-iaido.fr\/wp-content\/uploads\/2020\/08\/1200px-Logo_Angers.svg_-1.png 1200w\" sizes=\"auto, (max-width: 788px) 100vw, 788px\" \/><\/figure>\n<\/div>\n\n\n\n<div class=\"wp-block-column is-layout-flow wp-block-column-is-layout-flow\">\n<figure class=\"wp-block-image is-resized\"><img loading=\"lazy\" decoding=\"async\" width=\"100\" height=\"54\" src=\"https:\/\/angers-kendo-iaido.fr\/wp-content\/uploads\/2020\/08\/100px-oms-angers.jpg\" alt=\"\" class=\"wp-image-1173\" style=\"width:267px;height:144px\"\/><figcaption class=\"wp-element-caption\"><a href=\"http:\/\/ http:\/\/www.omsangers.net\/annuaire-des-associations-sportives-dangers\/par-discipline\/entry-400-angers-kendo-iaido.html\">Angers Kendo Iaido est sur l&rsquo;annuaire de l&rsquo;OMS<\/a><\/figcaption><\/figure>\n\n\n\n<p><\/p>\n<\/div>\n<\/div>\n\n\n\n<h2 class=\"wp-block-heading\">\/\/ Affiliations<\/h2>\n\n\n\n<p>Nous sommes affili\u00e9s au <strong>Comit\u00e9 National de Kendo et Disciplines Associ\u00e9es<\/strong> <strong>(CNK),<\/strong> li\u00e9 \u00e0 la F\u00e9d\u00e9ration Fran\u00e7aise de Judo <strong>(FFJDA)<\/strong>.<\/p>\n\n\n\n<div class=\"wp-block-columns has-2-columns is-layout-flex wp-container-core-columns-is-layout-9d6595d7 wp-block-columns-is-layout-flex\">\n<div class=\"wp-block-column is-layout-flow wp-block-column-is-layout-flow\">\n<figure class=\"wp-block-image is-resized\"><img loading=\"lazy\" decoding=\"async\" width=\"177\" height=\"284\" src=\"https:\/\/angers-kendo-iaido.fr\/wp-content\/uploads\/2020\/08\/logo-ffjda.png\" alt=\"\" class=\"wp-image-1154\" style=\"width:82px;height:131px\"\/><\/figure>\n<\/div>\n\n\n\n<div class=\"wp-block-column is-layout-flow wp-block-column-is-layout-flow\">\n<figure class=\"wp-block-image\"><img loading=\"lazy\" decoding=\"async\" width=\"288\" height=\"128\" src=\"https:\/\/angers-kendo-iaido.fr\/wp-content\/uploads\/2020\/08\/logo-cnkde.png\" alt=\"\" class=\"wp-image-1157\"\/><\/figure>\n\n\n\n<p>Certains articles sur le site, sont la source du CNK.<\/p>\n<\/div>\n<\/div>\n\n\n\n<p><\/p>\n","protected":false},"excerpt":{"rendered":"<p>Angers Kendo Iaido est une association fond\u00e9e en 2012 par un groupe de personnes passionn\u00e9es par la culture japonaise et la pratique des arts martiaux. Au sein du club, nous pratiquons le Kendo et le Iaido dans une ambiance studieuse et conviviale. Angers Kendo Iaido est l\u2019unique club de Kendo et Iaido actif sur Angers <a class=\"more-link\" href=\"https:\/\/angers-kendo-iaido.fr\/\">Lire plus &#8230;<\/a><\/p>\n","protected":false},"author":1,"featured_media":0,"parent":0,"menu_order":0,"comment_status":"closed","ping_status":"closed","template":"","meta":{"footnotes":""},"class_list":["post-180","page","type-page","status-publish","hentry"],"_links":{"self":[{"href":"https:\/\/angers-kendo-iaido.fr\/index.php\/wp-json\/wp\/v2\/pages\/180","targetHints":{"allow":["GET"]}}],"collection":[{"href":"https:\/\/angers-kendo-iaido.fr\/index.php\/wp-json\/wp\/v2\/pages"}],"about":[{"href":"https:\/\/angers-kendo-iaido.fr\/index.php\/wp-json\/wp\/v2\/types\/page"}],"author":[{"embeddable":true,"href":"https:\/\/angers-kendo-iaido.fr\/index.php\/wp-json\/wp\/v2\/users\/1"}],"replies":[{"embeddable":true,"href":"https:\/\/angers-kendo-iaido.fr\/index.php\/wp-json\/wp\/v2\/comments?post=180"}],"version-history":[{"count":59,"href":"https:\/\/angers-kendo-iaido.fr\/index.php\/wp-json\/wp\/v2\/pages\/180\/revisions"}],"predecessor-version":[{"id":1756,"href":"https:\/\/angers-kendo-iaido.fr\/index.php\/wp-json\/wp\/v2\/pages\/180\/revisions\/1756"}],"wp:attachment":[{"href":"https:\/\/angers-kendo-iaido.fr\/index.php\/wp-json\/wp\/v2\/media?parent=180"}],"curies":[{"name":"wp","href":"https:\/\/api.w.org\/{rel}","templated":true}]}}