{"id":198,"date":"2016-09-28T11:47:56","date_gmt":"2016-09-28T10:47:56","guid":{"rendered":"http:\/\/angers-kendo-iaido.fr\/?page_id=198"},"modified":"2020-08-28T20:39:45","modified_gmt":"2020-08-28T19:39:45","slug":"les-evenements","status":"publish","type":"page","link":"https:\/\/angers-kendo-iaido.fr\/index.php\/la-vie-du-club\/les-evenements\/","title":{"rendered":"Actualit\u00e9s"},"content":{"rendered":"\n<p class=\"has-large-font-size\"><strong>Suivez l&rsquo;actualit\u00e9 du club !<\/strong><\/p>\n\n\n\n<hr class=\"wp-block-separator\"\/>\n\n\n\n<p class=\"has-medium-font-size\"><strong>\/\/ En Ao\u00fbt<\/strong><\/p>\n\n\n\n<p class=\"has-text-color has-very-dark-gray-color\"><strong># Zoom sur le stage de reprise Angers Kendo Iaido<\/strong><br><br>Le stage de reprise annuel s&rsquo;est d\u00e9roul\u00e9 dans la convivialit\u00e9 et le partage, ponctu\u00e9 d&rsquo;exercices concoct\u00e9s par nos enseignants pour le plaisirs des pratiquants.<br>Bravo \u00e0 tous !<\/p>\n\n\n\n<div class=\"wp-block-cover has-cyan-bluish-gray-background-color has-background-dim is-layout-flow wp-block-cover-is-layout-flow\" style=\"background-image:url(https:\/\/angers-kendo-iaido.fr\/wp-content\/uploads\/2020\/08\/118041240_3228045677311444_6329421694252024396_n.jpg)\"><p class=\"wp-block-cover-text\"> <br><strong><a href=\"https:\/\/youtu.be\/peNmkcPr3ww\"># Zoom sur le stage de reprise Angers Kendo Iaido<\/a><\/strong><a href=\"https:\/\/youtu.be\/peNmkcPr3ww\"> <\/a><\/p><\/div>\n\n\n\n<hr class=\"wp-block-separator\"\/>\n\n\n\n<p class=\"has-medium-font-size\"><strong>\/\/ En septembre :<br><\/strong><\/p>\n\n\n\n<div class=\"wp-block-media-text alignwide\" style=\"grid-template-columns:40% auto\"><figure class=\"wp-block-media-text__media\"><img loading=\"lazy\" decoding=\"async\" width=\"743\" height=\"1024\" src=\"https:\/\/angers-kendo-iaido.fr\/wp-content\/uploads\/2020\/08\/Plan-de-travail-1-copie-743x1024.jpg\" alt=\"horaires des cours enfants et adultes\" class=\"wp-image-1457\" srcset=\"https:\/\/angers-kendo-iaido.fr\/wp-content\/uploads\/2020\/08\/Plan-de-travail-1-copie-743x1024.jpg 743w, https:\/\/angers-kendo-iaido.fr\/wp-content\/uploads\/2020\/08\/Plan-de-travail-1-copie-218x300.jpg 218w, https:\/\/angers-kendo-iaido.fr\/wp-content\/uploads\/2020\/08\/Plan-de-travail-1-copie-768x1058.jpg 768w\" sizes=\"auto, (max-width: 743px) 100vw, 743px\" \/><\/figure><div class=\"wp-block-media-text__content\">\n<p class=\"has-medium-font-size\">Saison 2020-2021 est ouverte !<\/p>\n\n\n\n<p>On vous accueille du 2 au 30 septembre rencontr\u00e9 les enseignants et adh\u00e9rents du club. <\/p>\n\n\n\n<p>Pour t\u00e9l\u00e9charger le dossier d&rsquo;inscription,<strong> <\/strong><a href=\"https:\/\/angers-kendo-iaido.fr\/index.php\/la-vie-du-club\/les-cotisations\/\"><strong>cliquez ici<\/strong><\/a>.<\/p>\n<\/div><\/div>\n\n\n\n<hr class=\"wp-block-separator\"\/>\n\n\n\n<p>\/\/Les liens pour conna\u00eetre les protocoles de la saison 2020-2021 : <br><a rel=\"noreferrer noopener\" href=\"https:\/\/www.ffjudo.com\/actualite\/protocole-sanitaire-rentree-judo-2020?fbclid=IwAR1J7JPv3PLMSTZav6hzDikT4AwvS0QkrGE95UTV7ZyEq0GydMiqPR-_AYo\" target=\"_blank\">le protocole sanitaire pour cette rentr\u00e9e 2020<\/a><br><a rel=\"noreferrer noopener\" href=\"https:\/\/www.judo49.fr\/media\/uploaded\/sites\/17020\/kcupload\/files\/SAISON%202020-2021\/D%C3%A9cret%20au%2020%2008%202020%20Partie%20sports%20(1).pdf\" target=\"_blank\">le D\u00e9cret n\u00b0 2020-860 du 10 juillet 2020<\/a><\/p>\n\n\n\n<hr class=\"wp-block-separator\"\/>\n\n\n\n<p>\/\/ Stage de rentr\u00e9e <\/p>\n\n\n\n<div class=\"wp-block-media-text alignwide\" style=\"grid-template-columns:71% auto\"><figure class=\"wp-block-media-text__media\"><img loading=\"lazy\" decoding=\"async\" width=\"724\" height=\"1024\" src=\"https:\/\/angers-kendo-iaido.fr\/wp-content\/uploads\/2020\/08\/Stage-r\u00e9gional-PdL-kendo-iaido-sport-chanbara-20-09-20-724x1024.jpg\" alt=\"\" class=\"wp-image-1518\" srcset=\"https:\/\/angers-kendo-iaido.fr\/wp-content\/uploads\/2020\/08\/Stage-r\u00e9gional-PdL-kendo-iaido-sport-chanbara-20-09-20-724x1024.jpg 724w, https:\/\/angers-kendo-iaido.fr\/wp-content\/uploads\/2020\/08\/Stage-r\u00e9gional-PdL-kendo-iaido-sport-chanbara-20-09-20-212x300.jpg 212w, https:\/\/angers-kendo-iaido.fr\/wp-content\/uploads\/2020\/08\/Stage-r\u00e9gional-PdL-kendo-iaido-sport-chanbara-20-09-20-768x1086.jpg 768w\" sizes=\"auto, (max-width: 724px) 100vw, 724px\" \/><\/figure><div class=\"wp-block-media-text__content\">\n<p class=\"has-medium-font-size\"><strong>Stage de rentr\u00e9e <\/strong><\/p>\n\n\n\n<p>Chaque ann\u00e9e le Crk des Pays de la Loire  organise un stage de rentr\u00e9e. <\/p>\n\n\n\n<p><strong>L&rsquo;inscription est obligatoire, <\/strong><a href=\"https:\/\/doodle.com\/poll\/4evfmtxwkuy8bff7\">Cliquez-ici<\/a>.<br><a href=\"https:\/\/l.facebook.com\/l.php?u=https%3A%2F%2Fdocs.google.com%2Fforms%2Fd%2Fe%2F1FAIpQLSca7y1eIaMlU90kFfUYmEH8lT5xlRHqauzG8j82C4usmRyYag%2Fviewform%3Fvc%3D0%26c%3D0%26w%3D1%26flr%3D0%26usp%3Dmail_form_link%26fbclid%3DIwAR1saDp4Y2IHcgkFYvohkpCK3hbv1DmHc0BA543B5cNZw4Vn7cuFDEs_-r8&amp;h=AT0Q8jLdVFe2wAghqMKO44r27zLyDfde_nYnR2PCA7RwHNR-FfV_yUgubM9T3pFW8Q9GQq-odTLHpa4k75fZSThQ6zDeqoppvo-MvJJ6-XeIBCzf76BurMK8W71aH-3YZoBB\"><\/a><br><\/p>\n<\/div><\/div>\n\n\n\n<hr class=\"wp-block-separator\"\/>\n\n\n\n<p>\/\/ Vital Sport 2020<br><\/p>\n\n\n\n<p>Chaque ann\u00e9e nous participons \u00e0 l&rsquo;\u00e9v\u00e9nement Vital Sport.<br>Nous vous invitons  : le samedi 12 septembre 2020<br>Lieu : <a href=\"https:\/\/www.decathlon.fr\/store-view\/magasin-de-sports-les-ponts-de-c%C3%A9-0070055300553\">d\u00e9cathlon des ponts de c\u00e9<\/a><\/p>\n\n\n\n<p>Horaire de la d\u00e9monstration :  de 11h00 \u00e0 11h45 .  <\/p>\n\n\n\n<p>Chaque discipline aura 10 mn et on se laisse 5 mn entre chaque d\u00e9mo .<br>Venez d\u00e9couvrir les disciplines du Kendo, du Iaido et du Sport Chanbara !<br>Team d\u00e9mo kendo : Rudy, K\u00e9vin, Didier M, Louna-Jeanne <br> Team d\u00e9mo iaido : Galaad et Franck<br>Team d\u00e9mo sport chambara : Daniel , L\u00e9o-Paul, Guillaume<\/p>\n\n\n\n<hr class=\"wp-block-separator\"\/>\n","protected":false},"excerpt":{"rendered":"<p>Suivez l&rsquo;actualit\u00e9 du club ! \/\/ En Ao\u00fbt # Zoom sur le stage de reprise Angers Kendo Iaido Le stage de reprise annuel s&rsquo;est d\u00e9roul\u00e9 dans la convivialit\u00e9 et le partage, ponctu\u00e9 d&rsquo;exercices concoct\u00e9s par nos enseignants pour le plaisirs des pratiquants.Bravo \u00e0 tous ! \/\/ En septembre : Saison 2020-2021 est ouverte ! On <a class=\"more-link\" href=\"https:\/\/angers-kendo-iaido.fr\/index.php\/la-vie-du-club\/les-evenements\/\">Lire plus &#8230;<\/a><\/p>\n","protected":false},"author":1,"featured_media":593,"parent":180,"menu_order":0,"comment_status":"closed","ping_status":"closed","template":"","meta":{"footnotes":""},"class_list":["post-198","page","type-page","status-publish","has-post-thumbnail","hentry"],"_links":{"self":[{"href":"https:\/\/angers-kendo-iaido.fr\/index.php\/wp-json\/wp\/v2\/pages\/198","targetHints":{"allow":["GET"]}}],"collection":[{"href":"https:\/\/angers-kendo-iaido.fr\/index.php\/wp-json\/wp\/v2\/pages"}],"about":[{"href":"https:\/\/angers-kendo-iaido.fr\/index.php\/wp-json\/wp\/v2\/types\/page"}],"author":[{"embeddable":true,"href":"https:\/\/angers-kendo-iaido.fr\/index.php\/wp-json\/wp\/v2\/users\/1"}],"replies":[{"embeddable":true,"href":"https:\/\/angers-kendo-iaido.fr\/index.php\/wp-json\/wp\/v2\/comments?post=198"}],"version-history":[{"count":24,"href":"https:\/\/angers-kendo-iaido.fr\/index.php\/wp-json\/wp\/v2\/pages\/198\/revisions"}],"predecessor-version":[{"id":1543,"href":"https:\/\/angers-kendo-iaido.fr\/index.php\/wp-json\/wp\/v2\/pages\/198\/revisions\/1543"}],"up":[{"embeddable":true,"href":"https:\/\/angers-kendo-iaido.fr\/index.php\/wp-json\/wp\/v2\/pages\/180"}],"wp:featuredmedia":[{"embeddable":true,"href":"https:\/\/angers-kendo-iaido.fr\/index.php\/wp-json\/wp\/v2\/media\/593"}],"wp:attachment":[{"href":"https:\/\/angers-kendo-iaido.fr\/index.php\/wp-json\/wp\/v2\/media?parent=198"}],"curies":[{"name":"wp","href":"https:\/\/api.w.org\/{rel}","templated":true}]}}