{"id":244,"date":"2016-09-28T12:07:10","date_gmt":"2016-09-28T11:07:10","guid":{"rendered":"http:\/\/angers-kendo-iaido.fr\/?page_id=244"},"modified":"2023-08-03T22:43:02","modified_gmt":"2023-08-03T21:43:02","slug":"iaido","status":"publish","type":"page","link":"https:\/\/angers-kendo-iaido.fr\/index.php\/iaido\/","title":{"rendered":"Le Iaido, la voix de l&rsquo;harmonie"},"content":{"rendered":"\n<h2 class=\"wp-block-heading\"><strong>Qu&rsquo;est que le Iaido ? <\/strong><\/h2>\n\n\n\n<div class=\"wp-block-group\"><div class=\"wp-block-group__inner-container is-layout-flow wp-block-group-is-layout-flow\">\n<div class=\"wp-block-media-text alignwide has-media-on-the-right is-stacked-on-mobile is-vertically-aligned-center\" style=\"grid-template-columns:auto 45%\"><div class=\"wp-block-media-text__content\">\n<p>Les <strong>Bushi <\/strong>(guerriers japonais, aussi appel\u00e9s Samura\u00ef) avaient remarqu\u00e9 que lors d&rsquo;attaques impr\u00e9vues, c&rsquo;est la rapidit\u00e9 avec laquelle on d\u00e9gainait le sabre et on encha\u00eenait une contre-attaque, qui permettait d&rsquo;acqu\u00e9rir un avantage fondamental dans le combat. C&rsquo;est de cette observation qu&rsquo;est n\u00e9 le <strong>la\u00ef-jutsu<\/strong>, devenu plus tard Ia\u00efdo. Le la\u00efdo regroupe un ensemble de techniques d&rsquo;escrime au sabre japonais (katana) qui consistent \u00e0 d\u00e9gainer puis \u00e0 couper l&rsquo;adversaire, dans le m\u00eame mouvement continu.<\/p>\n\n\n\n<p>Le <em><strong>iaid\u014d<\/strong><\/em> (\u5c45\u5408\u9053<sup><a href=\"https:\/\/fr.wikipedia.org\/wiki\/Aide:Japonais\">?<\/a><\/sup>) est un <a href=\"https:\/\/fr.wikipedia.org\/wiki\/Art_martial\">art martial<\/a> d&rsquo;origine <a href=\"https:\/\/fr.wikipedia.org\/wiki\/Japon\">japonaise<\/a> bas\u00e9 sur l&rsquo;action de d\u00e9gainer le <a href=\"https:\/\/fr.wikipedia.org\/wiki\/Sabre_%28arme%29\">sabre<\/a> et de frapper (de taille ou d&rsquo;estoc) en un seul geste. Plus exactement, le but est d&rsquo;ex\u00e9cuter une technique, avant l&rsquo;adversaire, choisie en fonction du lieu et du contexte de la situation.<\/p>\n\n\n\n<p>Tout comme pour les autres bud\u014d, cette discipline se focalise principalement sur la perfection des mouvements et la d\u00e9marche spirituelle (influence du <a href=\"https:\/\/fr.wikipedia.org\/wiki\/Zen\">zen<\/a>), l&rsquo;efficacit\u00e9 technique, quant \u00e0 elle, devient de plus en plus importante au fur et \u00e0 mesure que le pratiquant augmente en grade.<\/p>\n<\/div><figure class=\"wp-block-media-text__media\"><img loading=\"lazy\" decoding=\"async\" width=\"537\" height=\"1024\" src=\"https:\/\/angers-kendo-iaido.fr\/wp-content\/uploads\/2020\/08\/35-537x1024.jpg\" alt=\"\" class=\"wp-image-1134 size-full\"\/><\/figure><\/div>\n<\/div><\/div>\n\n\n\n<hr class=\"wp-block-separator has-css-opacity\"\/>\n\n\n\n<h3 class=\"wp-block-heading\">L&rsquo;origine<\/h3>\n\n\n\n<p>La tradition veut que la premi\u00e8re formalisation du Iaido soit due \u00e0 un  certain Hayashizaki Shinsuke Shigenobu n\u00e9 vers 1542 \u00e0 Shinzaki en Dewa. Hayashizaki aurait cr\u00e9\u00e9 le premier style de Iaido appel\u00e9 Hayashizaki-ryu, (aussi connu sous le nom de Shinmeimuso-ryu ou Jushin-ryu). Il aurait enseign\u00e9 jusqu&rsquo;\u00e0 l&rsquo;\u00e2ge avanc\u00e9 de 70 ans.<\/p>\n\n\n\n<p>L&rsquo;un des disciples de Shinsuke, Tamiya Heibee Shigemasa aurait ensuite fond\u00e9 le style Tamiya-ryu, style qui eu la faveur des Shogun puisque l&rsquo;un des descendants de Shigemasa, Narimasa enseigna le Iaido \u00e0 Tokugawa  Ieyasu.&nbsp;Plus tard, \u00e0 la 7\u00e8 g\u00e9n\u00e9ration des Tamiya, Hasegawa Chikarasuke Hidenobu d\u00e9veloppa le Hasegawa Eishin-ryu.<\/p>\n\n\n\n<p>Vers 1688, \u00e0 la 9\u00e8 g\u00e9n\u00e9ration, Omori Rokkottai Morimasa cr\u00e9a son propre style appel\u00e9 Omori-ryu \u00e0 partir du Eishin-ryu et de kata de l&rsquo;\u00e9cole de Kenjutsu de Shinkage-ryu en y ajoutant le Seiza de l&rsquo;\u00e9tiquette de Ogasahara-ryu.&nbsp;Ces diverses \u00e9coles ou styles (Ryu, Ryuha) sont regroup\u00e9s sous le nom d&rsquo;\u00e9coles anciennes ou Koryu. <\/p>\n\n\n\n<p>Apr\u00e8s avoir failli dispara\u00eetre apr\u00e8s la r\u00e9volution Meiji en 1868 avec  l&rsquo;interdiction du port du sabre (1876), le Iaido s&rsquo;est d\u00e9velopp\u00e9 de nouveau gr\u00e2ce \u00e0 l&rsquo;un des derniers grands enseignants de Iaido de l&rsquo;\u00e9poque Meiji, Nakayama Hakudo qui apr\u00e8s avoir \u00e9tudi\u00e9 le Eishin-ryu, cr\u00e9a le Muso shinden-ryu en 1933.<\/p>\n\n\n\n<p>Le Iaido est aujourd&rsquo;hui largement pratiqu\u00e9 au Japon et dans le monde.&nbsp;Cet \u00e9tonnant succ\u00e8s pour un art martial pouvant para\u00eetre somme toute tr\u00e8s \u00e9sot\u00e9rique est du \u00e0 deux raisons principales :<br>&#8211;  la prise de conscience par les anciens ma\u00eetres de l&rsquo;\u00e9poque Meiji que le  Iaido dispara\u00eetrait si les \u00e9coles jusque l\u00e0 tr\u00e8s ferm\u00e9es ne s&rsquo;ouvraient pas au public.<br>&#8211; la volont\u00e9 des fondateurs du Kendo moderne (vers 1952) de ne pas voir le Kendo se d\u00e9naturer en sport. Afin que le pratiquant de Kendo utilise son Shinai non comme un b\u00e2ton mais comme un sabre, il est en effet apparu utile de maintenir vivantes les origines du Kendo avec le maniement du Sabre nu.<\/p>\n\n\n\n<hr class=\"wp-block-separator has-css-opacity\"\/>\n\n\n\n<h3 class=\"wp-block-heading\">L&rsquo;\u00e9tiquette<\/h3>\n\n\n\n<p>Plus que dans tous les autres arts martiaux, <strong>l&rsquo;\u00e9tiquette (Reigi)<\/strong> joue un r\u00f4le tr\u00e8s important dans le Iaido o\u00f9 elle est particuli\u00e8rement \u00e9labor\u00e9e et ponctu\u00e9e de <strong>marques de respect <\/strong>(au sabre, au Dojo, etc). <\/p>\n\n\n\n<p>Le sabre avait pour les Bushi un pouvoir redoutable. C&rsquo;est une arme extr\u00eamement dangereuse qui peut tuer et \u00e0 laquelle le Bushi confiait sa vie. Il n&rsquo;est donc pas surprenant que son emploi et son maniement soit entour\u00e9s de marques de respect.<\/p>\n\n\n\n<p>Ces marques de respect sont en partie inh\u00e9rentes \u00e0 la<strong> culture traditionnelle japonaise<\/strong>. Elles viennent aussi du sabre lui-m\u00eame. Son utilisation au combat peut amener au dernier \u00e9chelon de la sauvagerie.<strong> L&rsquo;\u00e9tiquette est un moyen de revenir \u00e0 l&rsquo;humanit\u00e9. <\/strong><\/p>\n\n\n\n<p>C&rsquo;est sans doute pour cette raison que<strong> les entra\u00eenements dans les arts martiaux japonais et notamment dans le Kendo et le Ia\u00efdo commencent et se terminent par des saluts<\/strong>.\u00a0Enfin le tranchant redoutable du katana fait qu&rsquo;il est ais\u00e9 de se blesser en le manipulant. L&rsquo;\u00e9tiquette est alors un moyen d&rsquo;appliquer de fa\u00e7on automatique un certain nombre de <strong>consignes de  s\u00e9curit\u00e9.<\/strong> <\/p>\n\n\n\n<hr class=\"wp-block-separator has-css-opacity\"\/>\n\n\n\n<h2 class=\"wp-block-heading\">La pratique <\/h2>\n\n\n\n<p>La pratique comprend la r\u00e9p\u00e9tition d&rsquo;exercices visant \u00e0 apprendre et perfectionner les bases du maniement du sabre ainsi que l&rsquo;apprentissage de katas, f\u00e9d\u00e9raux pour une part (seitei-iai), et traditionnels pour les autres.<\/p>\n\n\n\n<hr class=\"wp-block-separator has-css-opacity\"\/>\n\n\n\n<h3 class=\"wp-block-heading\">Le seitei-iai<\/h3>\n\n\n\n<p>Dans un souci d&rsquo;unification et afin de permettre \u00e0 tout les <strong>pratiquants d&rsquo;avoir une base commune<\/strong>, les experts de la F\u00e9d\u00e9ration japonaise de Kendo (Zen-Nippon-Kendo-Renmei, ZNKR) ont d\u00e9velopp\u00e9 une nouvelle \u00ab\u00a0\u00e9cole\u00a0\u00bb le<strong> Seitei-Iai (ou ZNKR-iai) <\/strong>qui comporte aujourd&rsquo;hui 12 kata inspir\u00e9s de kata de divers koryu.<\/p>\n\n\n\n<p>Ces kata font l&rsquo;objet d&rsquo;une description d\u00e9taill\u00e9e dans des documents officiels de la ZNKR, et une mise \u00e0 jour r\u00e9guli\u00e8re est effectu\u00e9e par une commission constitu\u00e9e d&rsquo;experts des koryu, qui apporte aux kata les modifications jug\u00e9es n\u00e9cessaires. Le nombre de kata, longtemps rest\u00e9 \u00e0 10, est d&rsquo;ailleurs pass\u00e9 \u00e0 12 en avril 2001. <\/p>\n\n\n\n<p>Chaque pratiquant de iaido commence par l\u2019apprentissage du seitei iai pour comprendre les m\u00e9canismes dans l\u2019art de d\u00e9gainer le sabre.<\/p>\n\n\n\n<p>Retrouvez le livre du Seitei Iai \u2013 version 2009 sur le site <a href=\"http:\/\/www.keshin.fr\/doc_traduct.htm\">Keshin<\/a>. (La version 2014 n\u2019apporte qu\u2019une seule pr\u00e9cision technique).<\/p>\n\n\n\n<hr class=\"wp-block-separator has-css-opacity\"\/>\n\n\n\n<h3 class=\"wp-block-heading\"><strong>Qu\u2019est-ce qu\u2019un kata ?<\/strong><\/h3>\n\n\n\n<p>Un kata repr\u00e9sente une situation \/ une histoire, dans laquelle  doivent \u00eatre effectu\u00e9s des gestes codifi\u00e9s de fa\u00e7on fluide et dans un rythme pr\u00e9cis.<\/p>\n\n\n\n<p>Voici deux vid\u00e9os de d\u00e9monstration (embu) par Junichi Kusama Sensei (8e Dan Hanshi) pr\u00e9sentant tout seitei iai :<\/p>\n\n\n\n<figure class=\"wp-block-embed is-type-video is-provider-youtube wp-block-embed-youtube wp-embed-aspect-16-9 wp-has-aspect-ratio\"><div class=\"wp-block-embed__wrapper\">\n<iframe loading=\"lazy\" title=\"Kyoto Taikai 2017  12 kata znkr\" width=\"780\" height=\"439\" src=\"https:\/\/www.youtube.com\/embed\/YNngnkIlzOY?feature=oembed\" frameborder=\"0\" allow=\"accelerometer; autoplay; clipboard-write; encrypted-media; gyroscope; picture-in-picture; web-share\" allowfullscreen><\/iframe>\n<\/div><\/figure>\n\n\n\n<figure class=\"wp-block-embed is-type-video is-provider-youtube wp-block-embed-youtube wp-embed-aspect-16-9 wp-has-aspect-ratio\"><div class=\"wp-block-embed__wrapper\">\n<iframe loading=\"lazy\" title=\"Ia\u00efdo - ZNKR Seitei : 12 katas par Junichi Kusama Sensei (vid\u00e9o chapitr\u00e9e)\" width=\"780\" height=\"439\" src=\"https:\/\/www.youtube.com\/embed\/G329XfkRgX8?feature=oembed\" frameborder=\"0\" allow=\"accelerometer; autoplay; clipboard-write; encrypted-media; gyroscope; picture-in-picture; web-share\" allowfullscreen><\/iframe>\n<\/div><\/figure>\n\n\n\n<p>Ci-dessous, la d\u00e9monstration des saluts de d\u00e9but et de fin ainsi que des 12 kata du seitei iai r\u00e9alis\u00e9 par <strong>Noboru Ogura Sensei 8\u00e8me Dan Hanshi<\/strong>.<br>Ces d\u00e9monstrations sont anciennes et certains d\u00e9tails des katas ont chang\u00e9s mais ces vid\u00e9os restent un bon support pour d\u00e9butants.<\/p>\n\n\n\n<div class=\"wp-block-columns has-2-columns is-layout-flex wp-container-core-columns-is-layout-9d6595d7 wp-block-columns-is-layout-flex\">\n<div class=\"wp-block-column is-layout-flow wp-block-column-is-layout-flow\">\n<figure class=\"wp-block-video\"><video height=\"360\" style=\"aspect-ratio: 480 \/ 360;\" width=\"480\" controls src=\"https:\/\/angers-kendo-iaido.fr\/wp-content\/uploads\/2016\/09\/00-Entering-the-Dojo.ipad_.mp4\"><\/video><figcaption class=\"wp-element-caption\"> Salut du d\u00e9but &#8211; hajime no reiho  <\/figcaption><\/figure>\n\n\n\n<figure class=\"wp-block-video\"><video height=\"360\" style=\"aspect-ratio: 480 \/ 360;\" width=\"480\" controls src=\"https:\/\/angers-kendo-iaido.fr\/wp-content\/uploads\/2016\/09\/02-Nihon-me-Ushiro.ipad_.mp4\"><\/video><figcaption class=\"wp-element-caption\"> 02 Nihonme &#8211; Ushiro <\/figcaption><\/figure>\n\n\n\n<figure class=\"wp-block-video\"><video height=\"360\" style=\"aspect-ratio: 480 \/ 360;\" width=\"480\" controls src=\"https:\/\/angers-kendo-iaido.fr\/wp-content\/uploads\/2016\/09\/04-Yonhon-me-Tsuka-ate.ipad_.mp4\"><\/video><figcaption class=\"wp-element-caption\"> 04 Yonhonme &#8211; Tsuka ate  <\/figcaption><\/figure>\n\n\n\n<figure class=\"wp-block-video\"><video height=\"360\" style=\"aspect-ratio: 480 \/ 360;\" width=\"480\" controls src=\"https:\/\/angers-kendo-iaido.fr\/wp-content\/uploads\/2016\/09\/06-Roppon-me-Morote-zuki.ipad_.mp4\"><\/video><figcaption class=\"wp-element-caption\"> 06 Ropponme &#8211; Morote tsuki  <\/figcaption><\/figure>\n\n\n\n<figure class=\"wp-block-video\"><video height=\"360\" style=\"aspect-ratio: 480 \/ 360;\" width=\"480\" controls src=\"https:\/\/angers-kendo-iaido.fr\/wp-content\/uploads\/2016\/09\/08-Hachihon-me-Ganmen-ate.ipad_.mp4\"><\/video><figcaption class=\"wp-element-caption\"> 08 Hachihonme (happonme) &#8211; Ganmen ate  <\/figcaption><\/figure>\n\n\n\n<figure class=\"wp-block-video\"><video height=\"360\" style=\"aspect-ratio: 480 \/ 360;\" width=\"480\" controls src=\"https:\/\/angers-kendo-iaido.fr\/wp-content\/uploads\/2016\/09\/10-Juppon-me-So-giri.ipad_.mp4\"><\/video><figcaption class=\"wp-element-caption\"> 10 Jupponme &#8211; Shiho giri  <\/figcaption><\/figure>\n\n\n\n<figure class=\"wp-block-video\"><video height=\"360\" style=\"aspect-ratio: 480 \/ 360;\" width=\"480\" controls src=\"https:\/\/angers-kendo-iaido.fr\/wp-content\/uploads\/2016\/09\/12-Ju-Nihon-me-Nuki-uchi.ipad_.mp4\"><\/video><figcaption class=\"wp-element-caption\">  12 Junihonme &#8211; Nuki uchi  <\/figcaption><\/figure>\n<\/div>\n\n\n\n<div class=\"wp-block-column is-layout-flow wp-block-column-is-layout-flow\">\n<figure class=\"wp-block-video\"><video height=\"360\" style=\"aspect-ratio: 480 \/ 360;\" width=\"480\" controls src=\"https:\/\/angers-kendo-iaido.fr\/wp-content\/uploads\/2016\/09\/01-Ippon-me-Mae.ipad_.mp4\"><\/video><figcaption class=\"wp-element-caption\"> 01 Ipponme &#8211; Mae : <\/figcaption><\/figure>\n\n\n\n<figure class=\"wp-block-video\"><video height=\"360\" style=\"aspect-ratio: 480 \/ 360;\" width=\"480\" controls src=\"https:\/\/angers-kendo-iaido.fr\/wp-content\/uploads\/2016\/09\/03-Sanbon-me-Ukenagashi.ipad_.mp4\"><\/video><figcaption class=\"wp-element-caption\"> 03 Sanbonme &#8211; Ukenagashi <\/figcaption><\/figure>\n\n\n\n<figure class=\"wp-block-video\"><video height=\"360\" style=\"aspect-ratio: 480 \/ 360;\" width=\"480\" controls src=\"https:\/\/angers-kendo-iaido.fr\/wp-content\/uploads\/2016\/09\/05-Gohon-me-Kesa-giri.ipad_.mp4\"><\/video><figcaption class=\"wp-element-caption\"> 05 Gohonme &#8211; Kesa giri  <\/figcaption><\/figure>\n\n\n\n<figure class=\"wp-block-video\"><video height=\"360\" style=\"aspect-ratio: 480 \/ 360;\" width=\"480\" controls src=\"https:\/\/angers-kendo-iaido.fr\/wp-content\/uploads\/2016\/09\/07-Nanahon-me-Sampo-giri.ipad_.mp4\"><\/video><figcaption class=\"wp-element-caption\"> 07 Nanahonme &#8211; Sanpo giri  <\/figcaption><\/figure>\n\n\n\n<figure class=\"wp-block-video\"><video height=\"360\" style=\"aspect-ratio: 480 \/ 360;\" width=\"480\" controls src=\"https:\/\/angers-kendo-iaido.fr\/wp-content\/uploads\/2016\/09\/09-Kyuhon-me-Soete-zuki.ipad_.mp4\"><\/video><figcaption class=\"wp-element-caption\"> 09 Kyuhonme &#8211; Soete tsuki  <\/figcaption><\/figure>\n\n\n\n<figure class=\"wp-block-video\"><video height=\"360\" style=\"aspect-ratio: 480 \/ 360;\" width=\"480\" controls src=\"https:\/\/angers-kendo-iaido.fr\/wp-content\/uploads\/2016\/09\/11-Ju-Ippon-me-So-giri.ipad_.mp4\"><\/video><figcaption class=\"wp-element-caption\"> 11 Juipponme &#8211; Soo giri  <\/figcaption><\/figure>\n\n\n\n<figure class=\"wp-block-video\"><video height=\"360\" style=\"aspect-ratio: 480 \/ 360;\" width=\"480\" controls src=\"https:\/\/angers-kendo-iaido.fr\/wp-content\/uploads\/2016\/09\/13-Leaving-the-Dojo.ipad_.mp4\"><\/video><figcaption class=\"wp-element-caption\"> Salut de fin &#8211; owari no reiho  <\/figcaption><\/figure>\n<\/div>\n<\/div>\n\n\n\n<hr class=\"wp-block-separator has-css-opacity\"\/>\n\n\n\n<h3 class=\"wp-block-heading\">Muso Shinden Ryu<\/h3>\n\n\n\n<p>Au dojo nous pratiquons l\u2019\u00e9cole (ryu) Muso Shinden, la liste des kata de l\u2019\u00e9cole est disponible dans ce fichier :&nbsp;<a href=\"https:\/\/angers-kendo-iaido.fr\/wp-content\/uploads\/2017\/10\/MSR.kanji_.pdf\">MSR.kanji<\/a>.<\/p>\n\n\n\n<div class=\"wp-block-media-text alignwide\" style=\"grid-template-columns:28% auto\"><figure class=\"wp-block-media-text__media\"><img loading=\"lazy\" decoding=\"async\" width=\"133\" height=\"195\" src=\"https:\/\/angers-kendo-iaido.fr\/wp-content\/uploads\/2020\/08\/keshin-1.jpg\" alt=\"\" class=\"wp-image-1310 size-full\"\/><\/figure><div class=\"wp-block-media-text__content\">\n<p>Nous sommes affili\u00e9s au Dojo ShinBuKan d\u2019Ishido Sensei \u00e0 Kawasaki (Japon). <\/p>\n\n\n\n<p>L&rsquo;enseignant principal, Galaad Chastrusse, est \u00e9l\u00e8ve de Philippe Merlier dont le site<br><a href=\"http:\/\/www.keshin.fr\/\" data-type=\"URL\" data-id=\"http:\/\/www.keshin.fr\/\">Keshin<\/a> est une excellente source de connaissance concernant le iaido.<\/p>\n\n\n\n<p>Vous y trouverez :<br>&#8211; <a href=\"http:\/\/www.keshin.fr\/doc_traduct.htm\" data-type=\"URL\" data-id=\"http:\/\/www.keshin.fr\/doc_traduct.htm\">Le livret seitei iai<\/a> : Indispensable pour bien en apprendre les kata, contenant la description du reiho et des kata ainsi que les points \u00e0 suivre.<br>&#8211; Un glossaire de <a href=\"http:\/\/www.keshin.fr\/concepts.htm\">concepts<\/a> concernant le iaido.<br>&#8211; <a href=\"http:\/\/www.keshin.fr\/lexique.htm\">Un lexique<\/a> contenant nombre de traductions qui vous aiderons \u00e0 comprendre les cours.<\/p>\n<\/div><\/div>\n\n\n\n<p><\/p>\n\n\n\n<hr class=\"wp-block-separator has-css-opacity\"\/>\n\n\n\n<h2 class=\"wp-block-heading\">L\u2019\u00e9quipement<\/h2>\n\n\n\n<p>L\u2019\u00e9quipement n\u00e9cessaire pour la pratique est le suivant :<\/p>\n\n\n\n<h3 class=\"wp-block-heading\">La tenue<\/h3>\n\n\n\n<p>Compos\u00e9e d\u2019une sous-veste blanche (juban ou shitagi) et d\u2019un ensemble  veste + hakama (pantalon traditionnel pliss\u00e9). Il faut y ajouter le obi, ceinture traditionnelle longue de 4 m\u00e8tres qui permet le bon maintient du sabre. L\u2019ensemble veste, pantalon et ceinture doit \u00eatre de couleur uniforme, le plus souvent noir, mais aussi blanc.<\/p>\n\n\n\n<p>Il est possible pour les kendoka de pratiquer le iaido avec la m\u00eame tenue les premi\u00e8res ann\u00e9es.<\/p>\n\n\n\n<h3 class=\"wp-block-heading\">L\u2019arme<\/h3>\n\n\n\n<div class=\"wp-block-media-text alignwide has-media-on-the-right\" style=\"grid-template-columns:auto 49%\"><div class=\"wp-block-media-text__content\">\n<p>Le d\u00e9butant commencera avec un<strong> bokuto, sabre en bois <\/strong>qui servira \u00e9galement tout au long de la pratique jusque dans les grades les plus avanc\u00e9s.<br>Il s\u2019agit du m\u00eame bokuto que pour le kendo mais il est accompagn\u00e9 de<strong> sa  saya (fourreau) et du sageo<\/strong>, cordon servant \u00e0 attacher la saya \u00e0 la ceinture.<\/p>\n\n\n\n<p>Une fois les bases acquises le pratiquant s\u2019entra\u00eene avec un iaito (litt\u00e9ralement : sabre pour le iaido) ; qui n\u2019est pas tranchant.<\/p>\n\n\n\n<p>\u00c0 partir du 5\u00e8me dan il est bon d\u2019investir dans un shinken (litt\u00e9ralement : vrai lame), qui est alors tranchant. Bien que l&rsquo;achat et la possession d&rsquo;un sabre tranchant est libre, son utilisation en cours et en stage est soumise \u00e0 l&rsquo;autorisation de l&rsquo;enseignant principal.<\/p>\n<\/div><figure class=\"wp-block-media-text__media\"><img loading=\"lazy\" decoding=\"async\" width=\"528\" height=\"841\" src=\"https:\/\/angers-kendo-iaido.fr\/wp-content\/uploads\/2020\/08\/iaito.jpg\" alt=\"\" class=\"wp-image-1236 size-full\" srcset=\"https:\/\/angers-kendo-iaido.fr\/wp-content\/uploads\/2020\/08\/iaito.jpg 528w, https:\/\/angers-kendo-iaido.fr\/wp-content\/uploads\/2020\/08\/iaito-188x300.jpg 188w\" sizes=\"auto, (max-width: 528px) 100vw, 528px\" \/><\/figure><\/div>\n\n\n\n<hr class=\"wp-block-separator has-css-opacity\"\/>\n\n\n\n<h2 class=\"wp-block-heading\">Les grades et les titres<\/h2>\n\n\n\n<p>Nous utilisons le m\u00eame syst\u00e8me de grades qu&rsquo;en kendo et judo (mais sans les couleurs). Le pratiquant commence sixi\u00e8me kyu et progresse jusqu&rsquo;au premier kyu, il passe alors son premier dan et continue potentiellement jusqu&rsquo;au huiti\u00e8me.<\/p>\n\n\n\n<p>Au cours d&rsquo;un examen, les candidats pr\u00e9sentent 5 kata devant un jury compos\u00e9 d&rsquo;examinateurs dont le nombre et le grade d\u00e9pendent du grade pr\u00e9sent\u00e9. <\/p>\n\n\n\n<p>Il existe \u00e9galement des titres qui sanctionnent les qualit\u00e9s p\u00e9dagogiques, les connaissances th\u00e9oriques et la capacit\u00e9 \u00e0 arbitrer : Renshi, Kyoshi et  Hanshi. Des examens sont organis\u00e9s au Japon 2 fois par an.<\/p>\n","protected":false},"excerpt":{"rendered":"<p>Qu&rsquo;est que le Iaido ? Les Bushi (guerriers japonais, aussi appel\u00e9s Samura\u00ef) avaient remarqu\u00e9 que lors d&rsquo;attaques impr\u00e9vues, c&rsquo;est la rapidit\u00e9 avec laquelle on d\u00e9gainait le sabre et on encha\u00eenait une contre-attaque, qui permettait d&rsquo;acqu\u00e9rir un avantage fondamental dans le combat. C&rsquo;est de cette observation qu&rsquo;est n\u00e9 le la\u00ef-jutsu, devenu plus tard Ia\u00efdo. Le la\u00efdo <a class=\"more-link\" href=\"https:\/\/angers-kendo-iaido.fr\/index.php\/iaido\/\">Lire plus &#8230;<\/a><\/p>\n","protected":false},"author":1,"featured_media":1341,"parent":0,"menu_order":0,"comment_status":"closed","ping_status":"closed","template":"","meta":{"footnotes":""},"class_list":["post-244","page","type-page","status-publish","has-post-thumbnail","hentry"],"_links":{"self":[{"href":"https:\/\/angers-kendo-iaido.fr\/index.php\/wp-json\/wp\/v2\/pages\/244","targetHints":{"allow":["GET"]}}],"collection":[{"href":"https:\/\/angers-kendo-iaido.fr\/index.php\/wp-json\/wp\/v2\/pages"}],"about":[{"href":"https:\/\/angers-kendo-iaido.fr\/index.php\/wp-json\/wp\/v2\/types\/page"}],"author":[{"embeddable":true,"href":"https:\/\/angers-kendo-iaido.fr\/index.php\/wp-json\/wp\/v2\/users\/1"}],"replies":[{"embeddable":true,"href":"https:\/\/angers-kendo-iaido.fr\/index.php\/wp-json\/wp\/v2\/comments?post=244"}],"version-history":[{"count":28,"href":"https:\/\/angers-kendo-iaido.fr\/index.php\/wp-json\/wp\/v2\/pages\/244\/revisions"}],"predecessor-version":[{"id":1678,"href":"https:\/\/angers-kendo-iaido.fr\/index.php\/wp-json\/wp\/v2\/pages\/244\/revisions\/1678"}],"wp:featuredmedia":[{"embeddable":true,"href":"https:\/\/angers-kendo-iaido.fr\/index.php\/wp-json\/wp\/v2\/media\/1341"}],"wp:attachment":[{"href":"https:\/\/angers-kendo-iaido.fr\/index.php\/wp-json\/wp\/v2\/media?parent=244"}],"curies":[{"name":"wp","href":"https:\/\/api.w.org\/{rel}","templated":true}]}}