{"id":282,"date":"2016-09-28T13:24:58","date_gmt":"2016-09-28T12:24:58","guid":{"rendered":"http:\/\/angers-kendo-iaido.fr\/?page_id=282"},"modified":"2017-10-08T13:33:56","modified_gmt":"2017-10-08T12:33:56","slug":"les-stages","status":"publish","type":"page","link":"https:\/\/angers-kendo-iaido.fr\/index.php\/la-vie-du-club\/les-evenements\/les-stages\/","title":{"rendered":"Stages"},"content":{"rendered":"<p>Dans la rubrique des <a href=\"https:\/\/angers-kendo-iaido.fr\/index.php\/les-stages\/\">stages<\/a>, retrouvez les stages organis\u00e9s par le club, ou de la r\u00e9gion.<\/p>\n<p>A bient\u00f4t sur le parquet !<\/p>\n","protected":false},"excerpt":{"rendered":"<p>Dans la rubrique des stages, retrouvez les stages organis\u00e9s par le club, ou de la r\u00e9gion. A bient\u00f4t sur le parquet !<\/p>\n","protected":false},"author":1,"featured_media":0,"parent":198,"menu_order":0,"comment_status":"closed","ping_status":"closed","template":"","meta":{"footnotes":""},"class_list":["post-282","page","type-page","status-publish","hentry"],"_links":{"self":[{"href":"https:\/\/angers-kendo-iaido.fr\/index.php\/wp-json\/wp\/v2\/pages\/282","targetHints":{"allow":["GET"]}}],"collection":[{"href":"https:\/\/angers-kendo-iaido.fr\/index.php\/wp-json\/wp\/v2\/pages"}],"about":[{"href":"https:\/\/angers-kendo-iaido.fr\/index.php\/wp-json\/wp\/v2\/types\/page"}],"author":[{"embeddable":true,"href":"https:\/\/angers-kendo-iaido.fr\/index.php\/wp-json\/wp\/v2\/users\/1"}],"replies":[{"embeddable":true,"href":"https:\/\/angers-kendo-iaido.fr\/index.php\/wp-json\/wp\/v2\/comments?post=282"}],"version-history":[{"count":7,"href":"https:\/\/angers-kendo-iaido.fr\/index.php\/wp-json\/wp\/v2\/pages\/282\/revisions"}],"predecessor-version":[{"id":728,"href":"https:\/\/angers-kendo-iaido.fr\/index.php\/wp-json\/wp\/v2\/pages\/282\/revisions\/728"}],"up":[{"embeddable":true,"href":"https:\/\/angers-kendo-iaido.fr\/index.php\/wp-json\/wp\/v2\/pages\/198"}],"wp:attachment":[{"href":"https:\/\/angers-kendo-iaido.fr\/index.php\/wp-json\/wp\/v2\/media?parent=282"}],"curies":[{"name":"wp","href":"https:\/\/api.w.org\/{rel}","templated":true}]}}